{"id":1623,"date":"2023-05-27T16:53:22","date_gmt":"2023-05-27T14:53:22","guid":{"rendered":"https:\/\/www.tooclean.be\/blog\/?page_id=1623"},"modified":"2023-05-27T17:19:39","modified_gmt":"2023-05-27T15:19:39","slug":"blog-tooclean","status":"publish","type":"page","link":"https:\/\/www.tooclean.be\/blog\/","title":{"rendered":"Entreprise de nettoyage professionnel Bruxelles | Blog Tooclean"},"content":{"rendered":"\t\t<div data-elementor-type=\"wp-page\" data-elementor-id=\"1623\" class=\"elementor elementor-1623\">\n\t\t\t\t\t\t\t\t\t<section class=\"elementor-section elementor-top-section elementor-element elementor-element-6fecb3b4 elementor-section-boxed elementor-section-height-default elementor-section-height-default\" data-id=\"6fecb3b4\" data-element_type=\"section\" data-settings=\"{&quot;background_background&quot;:&quot;classic&quot;}\">\n\t\t\t\t\t\t\t<div class=\"elementor-background-overlay\"><\/div>\n\t\t\t\t\t\t\t<div class=\"elementor-container elementor-column-gap-default\">\n\t\t\t\t\t<div class=\"elementor-column elementor-col-100 elementor-top-column elementor-element elementor-element-31955a5b\" data-id=\"31955a5b\" data-element_type=\"column\">\n\t\t\t<div class=\"elementor-widget-wrap elementor-element-populated\">\n\t\t\t\t\t\t\t\t<div class=\"elementor-element elementor-element-4973da20 elementor-widget elementor-widget-heading\" data-id=\"4973da20\" data-element_type=\"widget\" data-widget_type=\"heading.default\">\n\t\t\t\t<div class=\"elementor-widget-container\">\n\t\t\t<style>\/*! elementor - v3.13.3 - 22-05-2023 *\/\n.elementor-heading-title{padding:0;margin:0;line-height:1}.elementor-widget-heading .elementor-heading-title[class*=elementor-size-]>a{color:inherit;font-size:inherit;line-height:inherit}.elementor-widget-heading .elementor-heading-title.elementor-size-small{font-size:15px}.elementor-widget-heading .elementor-heading-title.elementor-size-medium{font-size:19px}.elementor-widget-heading .elementor-heading-title.elementor-size-large{font-size:29px}.elementor-widget-heading .elementor-heading-title.elementor-size-xl{font-size:39px}.elementor-widget-heading .elementor-heading-title.elementor-size-xxl{font-size:59px}<\/style><h1 class=\"elementor-heading-title elementor-size-default\">Blog d\u00e9di\u00e9 au nettoyage des bureaux et chambres d'h\u00f4tel<\/h1>\t\t<\/div>\n\t\t\t\t<\/div>\n\t\t\t\t<div class=\"elementor-element elementor-element-4f08badb elementor-widget elementor-widget-text-editor\" data-id=\"4f08badb\" data-element_type=\"widget\" data-widget_type=\"text-editor.default\">\n\t\t\t\t<div class=\"elementor-widget-container\">\n\t\t\t<style>\/*! elementor - v3.13.3 - 22-05-2023 *\/\n.elementor-widget-text-editor.elementor-drop-cap-view-stacked .elementor-drop-cap{background-color:#69727d;color:#fff}.elementor-widget-text-editor.elementor-drop-cap-view-framed .elementor-drop-cap{color:#69727d;border:3px solid;background-color:transparent}.elementor-widget-text-editor:not(.elementor-drop-cap-view-default) .elementor-drop-cap{margin-top:8px}.elementor-widget-text-editor:not(.elementor-drop-cap-view-default) .elementor-drop-cap-letter{width:1em;height:1em}.elementor-widget-text-editor .elementor-drop-cap{float:left;text-align:center;line-height:1;font-size:50px}.elementor-widget-text-editor .elementor-drop-cap-letter{display:inline-block}<\/style>\t\t\t\t<p>D\u00e9couvrez les meilleurs professionnels du nettoyage \u00e0 tarif r\u00e9duit pr\u00e8s de chez vous<\/p>\t\t\t\t\t\t<\/div>\n\t\t\t\t<\/div>\n\t\t\t\t\t<\/div>\n\t\t<\/div>\n\t\t\t\t\t\t\t<\/div>\n\t\t<\/section>\n\t\t\t\t<section class=\"elementor-section elementor-top-section elementor-element elementor-element-1594fe5 elementor-section-boxed elementor-section-height-default elementor-section-height-default\" data-id=\"1594fe5\" data-element_type=\"section\">\n\t\t\t\t\t\t<div class=\"elementor-container elementor-column-gap-default\">\n\t\t\t\t\t<div class=\"elementor-column elementor-col-100 elementor-top-column elementor-element elementor-element-9a70980\" data-id=\"9a70980\" data-element_type=\"column\">\n\t\t\t<div class=\"elementor-widget-wrap elementor-element-populated\">\n\t\t\t\t\t\t\t\t<div class=\"elementor-element elementor-element-094d60b elementor-widget elementor-widget-heading\" data-id=\"094d60b\" data-element_type=\"widget\" data-widget_type=\"heading.default\">\n\t\t\t\t<div class=\"elementor-widget-container\">\n\t\t\t<h2 class=\"elementor-heading-title elementor-size-default\">Tout trouver sur le nettoyage domestique et d'entreprise<\/h2>\t\t<\/div>\n\t\t\t\t<\/div>\n\t\t\t\t\t<\/div>\n\t\t<\/div>\n\t\t\t\t\t\t\t<\/div>\n\t\t<\/section>\n\t\t\t\t<section class=\"elementor-section elementor-top-section elementor-element elementor-element-6415d296 elementor-section-boxed elementor-section-height-default elementor-section-height-default\" data-id=\"6415d296\" data-element_type=\"section\">\n\t\t\t\t\t\t<div class=\"elementor-container elementor-column-gap-default\">\n\t\t\t\t\t<div class=\"elementor-column elementor-col-100 elementor-top-column elementor-element elementor-element-36a5a292\" data-id=\"36a5a292\" data-element_type=\"column\">\n\t\t\t<div class=\"elementor-widget-wrap elementor-element-populated\">\n\t\t\t\t\t\t\t\t<div class=\"elementor-element elementor-element-de24fb3 elementor-grid-3 elementor-grid-tablet-2 elementor-grid-mobile-1 elementor-posts--thumbnail-top elementor-widget elementor-widget-posts\" data-id=\"de24fb3\" data-element_type=\"widget\" data-settings=\"{&quot;classic_columns&quot;:&quot;3&quot;,&quot;classic_columns_tablet&quot;:&quot;2&quot;,&quot;classic_columns_mobile&quot;:&quot;1&quot;,&quot;classic_row_gap&quot;:{&quot;unit&quot;:&quot;px&quot;,&quot;size&quot;:35,&quot;sizes&quot;:[]},&quot;classic_row_gap_tablet&quot;:{&quot;unit&quot;:&quot;px&quot;,&quot;size&quot;:&quot;&quot;,&quot;sizes&quot;:[]},&quot;classic_row_gap_mobile&quot;:{&quot;unit&quot;:&quot;px&quot;,&quot;size&quot;:&quot;&quot;,&quot;sizes&quot;:[]}}\" data-widget_type=\"posts.classic\">\n\t\t\t\t<div class=\"elementor-widget-container\">\n\t\t\t<link rel=\"stylesheet\" href=\"https:\/\/www.tooclean.be\/blog\/wp-content\/plugins\/elementor-pro\/assets\/css\/widget-posts.min.css\">\t\t<div class=\"elementor-posts-container elementor-posts elementor-posts--skin-classic elementor-grid\">\n\t\t\t\t<article class=\"elementor-post elementor-grid-item post-1703 post type-post status-publish format-standard has-post-thumbnail hentry category-hygiene-et-proprete\">\n\t\t\t\t<a class=\"elementor-post__thumbnail__link\" href=\"https:\/\/www.tooclean.be\/blog\/2023\/05\/27\/les-avantages-du-nettoyage-residentiel-regulier\/\" >\n\t\t\t<div class=\"elementor-post__thumbnail\"><img decoding=\"async\" width=\"300\" height=\"200\" src=\"https:\/\/www.tooclean.be\/blog\/wp-content\/uploads\/2023\/05\/hero-03-300x200.jpg\" class=\"attachment-medium size-medium wp-image-1548\" alt=\"nettoyage r\u00e9sidentiel r\u00e9gulier\" loading=\"lazy\" srcset=\"https:\/\/www.tooclean.be\/blog\/wp-content\/uploads\/2023\/05\/hero-03-300x200.jpg 300w, https:\/\/www.tooclean.be\/blog\/wp-content\/uploads\/2023\/05\/hero-03-1024x683.jpg 1024w, https:\/\/www.tooclean.be\/blog\/wp-content\/uploads\/2023\/05\/hero-03-768x512.jpg 768w, https:\/\/www.tooclean.be\/blog\/wp-content\/uploads\/2023\/05\/hero-03-1536x1024.jpg 1536w, https:\/\/www.tooclean.be\/blog\/wp-content\/uploads\/2023\/05\/hero-03.jpg 1920w\" sizes=\"(max-width: 300px) 100vw, 300px\" \/><\/div>\n\t\t<\/a>\n\t\t\t\t<div class=\"elementor-post__text\">\n\t\t\t\t<h3 class=\"elementor-post__title\">\n\t\t\t<a href=\"https:\/\/www.tooclean.be\/blog\/2023\/05\/27\/les-avantages-du-nettoyage-residentiel-regulier\/\" >\n\t\t\t\tLes avantages du nettoyage r\u00e9sidentiel r\u00e9gulier\t\t\t<\/a>\n\t\t<\/h3>\n\t\t\t\t<div class=\"elementor-post__excerpt\">\n\t\t\t<p>Les avantages du nettoyage r\u00e9sidentiel r\u00e9gulier ACCUEIL BLOG Accueil Services Nettoyage d\u2019h\u00f4tels Nettoyage de bureaux Nettoyage de bureaux Bruxelles tarifs Nettoyage catering Tarifs extr\u00eamement comp\u00e9titifs N\u2019h\u00e9sitez surtout pas \u00e0 nous laisser<\/p>\n\t\t<\/div>\n\t\t\t\t\t<div class=\"elementor-post__read-more-wrapper\">\n\t\t\n\t\t<a class=\"elementor-post__read-more\" href=\"https:\/\/www.tooclean.be\/blog\/2023\/05\/27\/les-avantages-du-nettoyage-residentiel-regulier\/\" aria-label=\"Read more about Les avantages du nettoyage r\u00e9sidentiel r\u00e9gulier\" >\n\t\t\tPlus \u00bb\t\t<\/a>\n\n\t\t\t\t\t<\/div>\n\t\t\t\t<\/div>\n\t\t\t\t<\/article>\n\t\t\t\t<article class=\"elementor-post elementor-grid-item post-1674 post type-post status-publish format-standard has-post-thumbnail hentry category-hygiene-et-proprete\">\n\t\t\t\t<a class=\"elementor-post__thumbnail__link\" href=\"https:\/\/www.tooclean.be\/blog\/2023\/05\/27\/hygiene-et-proprete-des-locaux-professionnels\/\" >\n\t\t\t<div class=\"elementor-post__thumbnail\"><img decoding=\"async\" width=\"300\" height=\"200\" src=\"https:\/\/www.tooclean.be\/blog\/wp-content\/uploads\/2023\/05\/hero-01-300x200.jpg\" class=\"attachment-medium size-medium wp-image-1543\" alt=\"femme de menage dans un bureaux\" loading=\"lazy\" srcset=\"https:\/\/www.tooclean.be\/blog\/wp-content\/uploads\/2023\/05\/hero-01-300x200.jpg 300w, https:\/\/www.tooclean.be\/blog\/wp-content\/uploads\/2023\/05\/hero-01-1024x683.jpg 1024w, https:\/\/www.tooclean.be\/blog\/wp-content\/uploads\/2023\/05\/hero-01-768x512.jpg 768w, https:\/\/www.tooclean.be\/blog\/wp-content\/uploads\/2023\/05\/hero-01-1536x1024.jpg 1536w, https:\/\/www.tooclean.be\/blog\/wp-content\/uploads\/2023\/05\/hero-01.jpg 1920w\" sizes=\"(max-width: 300px) 100vw, 300px\" \/><\/div>\n\t\t<\/a>\n\t\t\t\t<div class=\"elementor-post__text\">\n\t\t\t\t<h3 class=\"elementor-post__title\">\n\t\t\t<a href=\"https:\/\/www.tooclean.be\/blog\/2023\/05\/27\/hygiene-et-proprete-des-locaux-professionnels\/\" >\n\t\t\t\tHygi\u00e8ne et propret\u00e9 des locaux professionnels : Comprendre les diff\u00e9rences cruciales\t\t\t<\/a>\n\t\t<\/h3>\n\t\t\t\t<div class=\"elementor-post__excerpt\">\n\t\t\t<p>Hygi\u00e8ne et propret\u00e9 des locaux professionnels Diff\u00e9rence entre l&rsquo;hygi\u00e8ne et la propret\u00e9 Accueil Blog Accueil Services Nettoyage d\u2019h\u00f4tels Nettoyage de bureaux Nettoyage de bureaux Bruxelles tarifs Nettoyage catering Tarifs extr\u00eamement comp\u00e9titifs<\/p>\n\t\t<\/div>\n\t\t\t\t\t<div class=\"elementor-post__read-more-wrapper\">\n\t\t\n\t\t<a class=\"elementor-post__read-more\" href=\"https:\/\/www.tooclean.be\/blog\/2023\/05\/27\/hygiene-et-proprete-des-locaux-professionnels\/\" aria-label=\"Read more about Hygi\u00e8ne et propret\u00e9 des locaux professionnels : Comprendre les diff\u00e9rences cruciales\" >\n\t\t\tPlus \u00bb\t\t<\/a>\n\n\t\t\t\t\t<\/div>\n\t\t\t\t<\/div>\n\t\t\t\t<\/article>\n\t\t\t\t<article class=\"elementor-post elementor-grid-item post-1576 post type-post status-publish format-standard has-post-thumbnail hentry category-non-classe\">\n\t\t\t\t<a class=\"elementor-post__thumbnail__link\" href=\"https:\/\/www.tooclean.be\/blog\/2023\/05\/27\/les-avantages-dengager-une-entreprise-de-nettoyage-professionnel-a-bruxelles\/\" >\n\t\t\t<div class=\"elementor-post__thumbnail\"><img decoding=\"async\" width=\"300\" height=\"200\" src=\"https:\/\/www.tooclean.be\/blog\/wp-content\/uploads\/2023\/05\/hero-14-300x200.jpg\" class=\"attachment-medium size-medium wp-image-1542\" alt=\"\" loading=\"lazy\" srcset=\"https:\/\/www.tooclean.be\/blog\/wp-content\/uploads\/2023\/05\/hero-14-300x200.jpg 300w, https:\/\/www.tooclean.be\/blog\/wp-content\/uploads\/2023\/05\/hero-14-1024x683.jpg 1024w, https:\/\/www.tooclean.be\/blog\/wp-content\/uploads\/2023\/05\/hero-14-768x512.jpg 768w, https:\/\/www.tooclean.be\/blog\/wp-content\/uploads\/2023\/05\/hero-14-1536x1024.jpg 1536w, https:\/\/www.tooclean.be\/blog\/wp-content\/uploads\/2023\/05\/hero-14.jpg 1920w\" sizes=\"(max-width: 300px) 100vw, 300px\" \/><\/div>\n\t\t<\/a>\n\t\t\t\t<div class=\"elementor-post__text\">\n\t\t\t\t<h3 class=\"elementor-post__title\">\n\t\t\t<a href=\"https:\/\/www.tooclean.be\/blog\/2023\/05\/27\/les-avantages-dengager-une-entreprise-de-nettoyage-professionnel-a-bruxelles\/\" >\n\t\t\t\tLes avantages d&rsquo;engager une entreprise de nettoyage professionnel \u00e0 Bruxelles\t\t\t<\/a>\n\t\t<\/h3>\n\t\t\t\t<div class=\"elementor-post__excerpt\">\n\t\t\t<p>Les avantages d&rsquo;engager une entreprise de nettoyage professionnel \u00e0 Bruxelles Home \/ News Accueil Services Nettoyage d\u2019h\u00f4tels Nettoyage de bureaux Nettoyage de bureaux Bruxelles tarifs Nettoyage catering Tarifs extr\u00eamement comp\u00e9titifs N\u2019h\u00e9sitez<\/p>\n\t\t<\/div>\n\t\t\t\t\t<div class=\"elementor-post__read-more-wrapper\">\n\t\t\n\t\t<a class=\"elementor-post__read-more\" href=\"https:\/\/www.tooclean.be\/blog\/2023\/05\/27\/les-avantages-dengager-une-entreprise-de-nettoyage-professionnel-a-bruxelles\/\" aria-label=\"Read more about Les avantages d&rsquo;engager une entreprise de nettoyage professionnel \u00e0 Bruxelles\" >\n\t\t\tPlus \u00bb\t\t<\/a>\n\n\t\t\t\t\t<\/div>\n\t\t\t\t<\/div>\n\t\t\t\t<\/article>\n\t\t\t\t<\/div>\n\t\t\n\t\t\t\t<\/div>\n\t\t\t\t<\/div>\n\t\t\t\t<section class=\"elementor-section elementor-inner-section elementor-element elementor-element-2dc95dbf elementor-section-boxed elementor-section-height-default elementor-section-height-default\" data-id=\"2dc95dbf\" data-element_type=\"section\">\n\t\t\t\t\t\t<div class=\"elementor-container elementor-column-gap-default\">\n\t\t\t\t\t<div class=\"elementor-column elementor-col-100 elementor-inner-column elementor-element elementor-element-7016b135\" data-id=\"7016b135\" data-element_type=\"column\">\n\t\t\t<div class=\"elementor-widget-wrap\">\n\t\t\t\t\t\t\t\t\t<\/div>\n\t\t<\/div>\n\t\t\t\t\t\t\t<\/div>\n\t\t<\/section>\n\t\t\t\t\t<\/div>\n\t\t<\/div>\n\t\t\t\t\t\t\t<\/div>\n\t\t<\/section>\n\t\t\t\t<section class=\"elementor-section elementor-top-section elementor-element elementor-element-1e9fa909 elementor-section-full_width elementor-section-height-default elementor-section-height-default\" data-id=\"1e9fa909\" data-element_type=\"section\" data-settings=\"{&quot;background_background&quot;:&quot;classic&quot;}\">\n\t\t\t\t\t\t<div class=\"elementor-container elementor-column-gap-default\">\n\t\t\t\t\t<div class=\"elementor-column elementor-col-66 elementor-top-column elementor-element elementor-element-521a1b8f\" data-id=\"521a1b8f\" data-element_type=\"column\">\n\t\t\t<div class=\"elementor-widget-wrap elementor-element-populated\">\n\t\t\t\t\t\t\t\t<div class=\"elementor-element elementor-element-3b7d22ff elementor-widget elementor-widget-heading\" data-id=\"3b7d22ff\" data-element_type=\"widget\" data-widget_type=\"heading.default\">\n\t\t\t\t<div class=\"elementor-widget-container\">\n\t\t\t<h2 class=\"elementor-heading-title elementor-size-default\">Besoin d'un service de nettoyage ?<\/h2>\t\t<\/div>\n\t\t\t\t<\/div>\n\t\t\t\t\t<\/div>\n\t\t<\/div>\n\t\t\t\t<div class=\"elementor-column elementor-col-33 elementor-top-column elementor-element elementor-element-6933a858\" data-id=\"6933a858\" data-element_type=\"column\">\n\t\t\t<div class=\"elementor-widget-wrap elementor-element-populated\">\n\t\t\t\t\t\t\t\t<div class=\"elementor-element elementor-element-49ce2007 elementor-align-right elementor-widget elementor-widget-button\" data-id=\"49ce2007\" data-element_type=\"widget\" data-widget_type=\"button.default\">\n\t\t\t\t<div class=\"elementor-widget-container\">\n\t\t\t\t\t<div class=\"elementor-button-wrapper\">\n\t\t\t<a href=\"https:\/\/www.tooclean.be\/demande-devis-gratuit\" class=\"elementor-button-link elementor-button elementor-size-lg\" role=\"button\">\n\t\t\t\t\t\t<span class=\"elementor-button-content-wrapper\">\n\t\t\t\t\t\t<span class=\"elementor-button-text\">Retrouvez les meilleurs agents<\/span>\n\t\t<\/span>\n\t\t\t\t\t<\/a>\n\t\t<\/div>\n\t\t\t\t<\/div>\n\t\t\t\t<\/div>\n\t\t\t\t\t<\/div>\n\t\t<\/div>\n\t\t\t\t\t\t\t<\/div>\n\t\t<\/section>\n\t\t\t\t\t\t\t<\/div>\n\t\t","protected":false},"excerpt":{"rendered":"<p>Blog d\u00e9di\u00e9 au nettoyage des bureaux et chambres d&rsquo;h\u00f4tel D\u00e9couvrez les meilleurs professionnels du nettoyage \u00e0 tarif r\u00e9duit pr\u00e8s de chez vous Tout trouver sur le nettoyage domestique et d&rsquo;entreprise Besoin d&rsquo;un service de nettoyage ? Retrouvez les meilleurs agents<\/p>\n","protected":false},"author":1,"featured_media":0,"parent":0,"menu_order":0,"comment_status":"closed","ping_status":"closed","template":"elementor_canvas","meta":{"site-sidebar-layout":"no-sidebar","site-content-layout":"page-builder","ast-global-header-display":"","ast-banner-title-visibility":"","ast-main-header-display":"","ast-hfb-above-header-display":"","ast-hfb-below-header-display":"","ast-hfb-mobile-header-display":"","site-post-title":"disabled","ast-breadcrumbs-content":"","ast-featured-img":"disabled","footer-sml-layout":"","theme-transparent-header-meta":"","adv-header-id-meta":"","stick-header-meta":"","header-above-stick-meta":"","header-main-stick-meta":"","header-below-stick-meta":""},"yoast_head":"<!-- This site is optimized with the Yoast SEO plugin v20.8 - https:\/\/yoast.com\/wordpress\/plugins\/seo\/ -->\n<title>Entreprise de nettoyage professionnel Bruxelles | Blog Tooclean<\/title>\n<meta name=\"description\" content=\"Blog sur le nettoyage des bureaux et chambres d&#039;h\u00f4tel Tout trouver sur le nettoyage domestique et d&#039;entreprise\" \/>\n<meta name=\"robots\" content=\"index, follow, max-snippet:-1, max-image-preview:large, max-video-preview:-1\" \/>\n<link rel=\"canonical\" href=\"https:\/\/www.tooclean.be\/blog\/\" \/>\n<meta property=\"og:locale\" content=\"fr_FR\" \/>\n<meta property=\"og:type\" content=\"article\" \/>\n<meta property=\"og:title\" content=\"Entreprise de nettoyage professionnel Bruxelles | Blog Tooclean\" \/>\n<meta property=\"og:description\" content=\"Blog sur le nettoyage des bureaux et chambres d&#039;h\u00f4tel Tout trouver sur le nettoyage domestique et d&#039;entreprise\" \/>\n<meta property=\"og:url\" content=\"https:\/\/www.tooclean.be\/blog\/\" \/>\n<meta property=\"og:site_name\" content=\"Entreprise de nettoyage \u00e0 Bruxelles | Too Clean\" \/>\n<meta property=\"article:modified_time\" content=\"2023-05-27T15:19:39+00:00\" \/>\n<meta name=\"twitter:card\" content=\"summary_large_image\" \/>\n<meta name=\"twitter:label1\" content=\"Est. reading time\" \/>\n\t<meta name=\"twitter:data1\" content=\"1 minute\" \/>\n<script type=\"application\/ld+json\" class=\"yoast-schema-graph\">{\"@context\":\"https:\/\/schema.org\",\"@graph\":[{\"@type\":\"WebPage\",\"@id\":\"https:\/\/www.tooclean.be\/blog\/\",\"url\":\"https:\/\/www.tooclean.be\/blog\/\",\"name\":\"Entreprise de nettoyage professionnel Bruxelles | Blog Tooclean\",\"isPartOf\":{\"@id\":\"https:\/\/www.tooclean.be\/blog\/#website\"},\"datePublished\":\"2023-05-27T14:53:22+00:00\",\"dateModified\":\"2023-05-27T15:19:39+00:00\",\"description\":\"Blog sur le nettoyage des bureaux et chambres d'h\u00f4tel Tout trouver sur le nettoyage domestique et d'entreprise\",\"breadcrumb\":{\"@id\":\"https:\/\/www.tooclean.be\/blog\/#breadcrumb\"},\"inLanguage\":\"fr-FR\",\"potentialAction\":[{\"@type\":\"ReadAction\",\"target\":[\"https:\/\/www.tooclean.be\/blog\/\"]}]},{\"@type\":\"BreadcrumbList\",\"@id\":\"https:\/\/www.tooclean.be\/blog\/#breadcrumb\",\"itemListElement\":[{\"@type\":\"ListItem\",\"position\":1,\"name\":\"Home\",\"item\":\"https:\/\/www.tooclean.be\/blog\/\"},{\"@type\":\"ListItem\",\"position\":2,\"name\":\"Entreprise de nettoyage professionnel Bruxelles | Blog Tooclean\"}]},{\"@type\":\"WebSite\",\"@id\":\"https:\/\/www.tooclean.be\/blog\/#website\",\"url\":\"https:\/\/www.tooclean.be\/blog\/\",\"name\":\"Entreprise de nettoyage \u00e0 Bruxelles | Too Clean\",\"description\":\"\",\"publisher\":{\"@id\":\"https:\/\/www.tooclean.be\/blog\/#organization\"},\"potentialAction\":[{\"@type\":\"SearchAction\",\"target\":{\"@type\":\"EntryPoint\",\"urlTemplate\":\"https:\/\/www.tooclean.be\/blog\/?s={search_term_string}\"},\"query-input\":\"required name=search_term_string\"}],\"inLanguage\":\"fr-FR\"},{\"@type\":\"Organization\",\"@id\":\"https:\/\/www.tooclean.be\/blog\/#organization\",\"name\":\"Entreprise de nettoyage \u00e0 Bruxelles | Too Clean\",\"url\":\"https:\/\/www.tooclean.be\/blog\/\",\"logo\":{\"@type\":\"ImageObject\",\"inLanguage\":\"fr-FR\",\"@id\":\"https:\/\/www.tooclean.be\/blog\/#\/schema\/logo\/image\/\",\"url\":\"https:\/\/www.tooclean.be\/blog\/wp-content\/uploads\/2019\/12\/cleaning-logo.png\",\"contentUrl\":\"https:\/\/www.tooclean.be\/blog\/wp-content\/uploads\/2019\/12\/cleaning-logo.png\",\"width\":147,\"height\":71,\"caption\":\"Entreprise de nettoyage \u00e0 Bruxelles | Too Clean\"},\"image\":{\"@id\":\"https:\/\/www.tooclean.be\/blog\/#\/schema\/logo\/image\/\"}}]}<\/script>\n<!-- \/ Yoast SEO plugin. -->","yoast_head_json":{"title":"Entreprise de nettoyage professionnel Bruxelles | Blog Tooclean","description":"Blog sur le nettoyage des bureaux et chambres d'h\u00f4tel Tout trouver sur le nettoyage domestique et d'entreprise","robots":{"index":"index","follow":"follow","max-snippet":"max-snippet:-1","max-image-preview":"max-image-preview:large","max-video-preview":"max-video-preview:-1"},"canonical":"https:\/\/www.tooclean.be\/blog\/","og_locale":"fr_FR","og_type":"article","og_title":"Entreprise de nettoyage professionnel Bruxelles | Blog Tooclean","og_description":"Blog sur le nettoyage des bureaux et chambres d'h\u00f4tel Tout trouver sur le nettoyage domestique et d'entreprise","og_url":"https:\/\/www.tooclean.be\/blog\/","og_site_name":"Entreprise de nettoyage \u00e0 Bruxelles | Too Clean","article_modified_time":"2023-05-27T15:19:39+00:00","twitter_card":"summary_large_image","twitter_misc":{"Est. reading time":"1 minute"},"schema":{"@context":"https:\/\/schema.org","@graph":[{"@type":"WebPage","@id":"https:\/\/www.tooclean.be\/blog\/","url":"https:\/\/www.tooclean.be\/blog\/","name":"Entreprise de nettoyage professionnel Bruxelles | Blog Tooclean","isPartOf":{"@id":"https:\/\/www.tooclean.be\/blog\/#website"},"datePublished":"2023-05-27T14:53:22+00:00","dateModified":"2023-05-27T15:19:39+00:00","description":"Blog sur le nettoyage des bureaux et chambres d'h\u00f4tel Tout trouver sur le nettoyage domestique et d'entreprise","breadcrumb":{"@id":"https:\/\/www.tooclean.be\/blog\/#breadcrumb"},"inLanguage":"fr-FR","potentialAction":[{"@type":"ReadAction","target":["https:\/\/www.tooclean.be\/blog\/"]}]},{"@type":"BreadcrumbList","@id":"https:\/\/www.tooclean.be\/blog\/#breadcrumb","itemListElement":[{"@type":"ListItem","position":1,"name":"Home","item":"https:\/\/www.tooclean.be\/blog\/"},{"@type":"ListItem","position":2,"name":"Entreprise de nettoyage professionnel Bruxelles | Blog Tooclean"}]},{"@type":"WebSite","@id":"https:\/\/www.tooclean.be\/blog\/#website","url":"https:\/\/www.tooclean.be\/blog\/","name":"Entreprise de nettoyage \u00e0 Bruxelles | Too Clean","description":"","publisher":{"@id":"https:\/\/www.tooclean.be\/blog\/#organization"},"potentialAction":[{"@type":"SearchAction","target":{"@type":"EntryPoint","urlTemplate":"https:\/\/www.tooclean.be\/blog\/?s={search_term_string}"},"query-input":"required name=search_term_string"}],"inLanguage":"fr-FR"},{"@type":"Organization","@id":"https:\/\/www.tooclean.be\/blog\/#organization","name":"Entreprise de nettoyage \u00e0 Bruxelles | Too Clean","url":"https:\/\/www.tooclean.be\/blog\/","logo":{"@type":"ImageObject","inLanguage":"fr-FR","@id":"https:\/\/www.tooclean.be\/blog\/#\/schema\/logo\/image\/","url":"https:\/\/www.tooclean.be\/blog\/wp-content\/uploads\/2019\/12\/cleaning-logo.png","contentUrl":"https:\/\/www.tooclean.be\/blog\/wp-content\/uploads\/2019\/12\/cleaning-logo.png","width":147,"height":71,"caption":"Entreprise de nettoyage \u00e0 Bruxelles | Too Clean"},"image":{"@id":"https:\/\/www.tooclean.be\/blog\/#\/schema\/logo\/image\/"}}]}},"_links":{"self":[{"href":"https:\/\/www.tooclean.be\/blog\/wp-json\/wp\/v2\/pages\/1623"}],"collection":[{"href":"https:\/\/www.tooclean.be\/blog\/wp-json\/wp\/v2\/pages"}],"about":[{"href":"https:\/\/www.tooclean.be\/blog\/wp-json\/wp\/v2\/types\/page"}],"author":[{"embeddable":true,"href":"https:\/\/www.tooclean.be\/blog\/wp-json\/wp\/v2\/users\/1"}],"replies":[{"embeddable":true,"href":"https:\/\/www.tooclean.be\/blog\/wp-json\/wp\/v2\/comments?post=1623"}],"version-history":[{"count":34,"href":"https:\/\/www.tooclean.be\/blog\/wp-json\/wp\/v2\/pages\/1623\/revisions"}],"predecessor-version":[{"id":1659,"href":"https:\/\/www.tooclean.be\/blog\/wp-json\/wp\/v2\/pages\/1623\/revisions\/1659"}],"wp:attachment":[{"href":"https:\/\/www.tooclean.be\/blog\/wp-json\/wp\/v2\/media?parent=1623"}],"curies":[{"name":"wp","href":"https:\/\/api.w.org\/{rel}","templated":true}]}}